{"id":224,"date":"2019-04-24T09:04:42","date_gmt":"2019-04-24T09:04:42","guid":{"rendered":"http:\/\/neno-chor.thuefa.de\/?page_id=224"},"modified":"2019-10-18T06:29:45","modified_gmt":"2019-10-18T06:29:45","slug":"datenschutzerklaerung","status":"publish","type":"page","link":"https:\/\/neno-chor.thuefa.de\/sw\/datenschutzerklaerung\/","title":{"rendered":"Datenschutzerkl\u00e4rung"},"content":{"rendered":"\n<h2 id=\"page-title\">Datenschutzerkl\u00e4rung<\/h2>\n\n\n\n<h3>1. Allgemeine Informationen zum Datenschutz<\/h3>\n\n\n\n<p>Hier informieren wir dar\u00fcber, welche Verarbeitung Ihrer personenbezogenen Daten \u2013 also aller Daten, mit denen Sie pers\u00f6nlich identifiziert werden k\u00f6nnen \u2013 beim Besuch unserer Website erfolgt. In der nachfolgenden Datenschutzerkl\u00e4rung erhalten Sie ausf\u00fchrliche Informationen zum Thema Datenschutz.<\/p>\n\n\n\n<p><strong>Wer ist verantwortlich?<\/strong><\/p>\n\n\n\n<p>Verantwortlich f\u00fcr die Datenverarbeitung ist der im\u00a0<a href=\"http:\/\/neno-chor.thuefa.de\/impressum\/\">Impressum<\/a> mit Kontaktdaten aufgef\u00fchrte Anbieter dieser Website.<\/p>\n\n\n\n<p><strong>Wie werden Ihre Daten erfasst?<\/strong><\/p>\n\n\n\n<p>Ihre Daten werden z.B. erfasst, indem Sie uns diese \u2013 etwa durch Eingabe in ein Kontaktformular \u2013 direkt \u00fcbermitteln. Technische Daten wie Internetbrowser, Betriebssystem oder Uhrzeit des Seitenaufrufs werden beim Besuch unserer Website durch unsere IT-Systeme automatisch erhoben.<\/p>\n\n\n\n<p><strong>Wof\u00fcr werden Ihre Daten genutzt?<\/strong><\/p>\n\n\n\n<p>Daten werden erhoben, um eine fehlerfreie Bereitstellung der Website zu gew\u00e4hrleisten. Au\u00dferdem ist uns daran gelegen, unser Angebot stetig zu verbessern. In diesem Zusammenhang k\u00f6nnen Daten au\u00dferdem zur Analyse Ihres Nutzerverhaltens verwendet werden.<\/p>\n\n\n\n<p><strong>Ihre Rechte<\/strong><\/p>\n\n\n\n<p>Wir sind dazu verpflichtet, Ihnen gegen\u00fcber jederzeit unentgeltlich Auskunft \u00fcber Herkunft, Empf\u00e4nger und Zweck Ihrer gespeicherten personenbezogenen Daten zu erteilen und Ihrem Wunsch nach Berichtigung, Sperrung oder L\u00f6schung Ihrer Daten nachzukommen. Diesbez\u00fcglich k\u00f6nnen Sie jederzeit unter der im Impressum hinterlegten Adresse Kontakt mit uns aufnehmen. Zudem steht Ihnen ein Beschwerderecht bei der weiter unten aufgef\u00fchrten Aufsichtsbeh\u00f6rde zu.<\/p>\n\n\n\n<h4><strong>Analyse-Tools<\/strong><\/h4>\n\n\n\n<p>Um unser Angebot stetig zu verbessern, k\u00f6nnen Daten zur Analyse Ihres Nutzerverhaltens verwendet werden. Diese Auswertung erfolgt vor allem mit sogenannten Cookies und Analyse-Tools. Diese Analyse erfolgt in der Regel anonym und kann nicht zu Ihnen zur\u00fcckverfolgt werden. Sie haben die M\u00f6glichkeit, dieser Analyse zu widersprechen oder sie durch die Nichtbenutzung bestimmter Tools zu verhindern. Mehr dazu erfahren Sie im Folgenden.<\/p>\n\n\n\n<h2>2. Pflichtinformationen<\/h2>\n\n\n\n<p><strong>Datenschutz<\/strong><\/p>\n\n\n\n<p>Als Anbieter dieser Seiten nehmen wir den Schutz Ihrer pers\u00f6nlichen Daten sehr ernst und behandeln Ihre personenbezogenen Daten vertraulich und entsprechend der gesetzlichen Datenschutzvorschriften (<a href=\"https:\/\/www.kirchenrecht-ekd.de\/document\/41335\" target=\"_blank\" rel=\"noreferrer noopener\">Datenschutzgesetz der EKD<\/a>). Diese Datenschutzerkl\u00e4rung gibt einen \u00dcberblick dar\u00fcber, welche Daten wir erheben, wof\u00fcr wir sie nutzen und zu welchem Zweck das geschieht. Rechtsgrundlagen f\u00fcr die Verarbeitungen von personenbezogenen Daten sind: \u00a7 6 Nr. 5 DSG-EKD, \u00a7 6 Nr. 3 DSG-EKD i. V. m. \u00a7 43 DSG-EKD, \u00a7 44 Abs. 1 DSG-EKD, \u00a7 46 DSG-EKD.<\/p>\n\n\n\n<p>Wir weisen darauf hin, dass ein vollst\u00e4ndiger Schutz Ihrer Daten vor dem Zugriff durch Dritte nicht m\u00f6glich ist, da die Daten\u00fcbertragung im Internet (z.B. \u00fcber E-Mail) Sicherheitsl\u00fccken aufweisen kann. Bitte beachten Sie au\u00dferdem, dass Sie von unserer Website \u00fcber externe Verlinkungen zu anderen, von Dritten betriebenen Internetangeboten gelangen k\u00f6nnen. Wir sind nicht verantwortlich f\u00fcr die Einhaltung der datenschutzrechtlichen Bestimmungen und einen sicheren Umgang mit Ihren personenbezogenen Daten auf verlinkten, von Dritten betriebenen Internetseiten.&nbsp;<br><a href=\"https:\/\/www.kirchenrecht-ekd.de\/document\/41335#s47000062\" target=\"_blank\" rel=\"noreferrer noopener\">Begriffsbestimmungen (\u00a7. 4 DSG-EKD) k\u00f6nnen Sie hier einsehen.<\/a><\/p>\n\n\n\n<p><strong>Hinweis zur verantwortlichen Stelle<\/strong><\/p>\n\n\n\n<p>Verantwortlich im Sinne des Kirchengesetzes \u00fcber den Datenschutz der Evangelischen Kirche in Deutschland (DSG-EKD), der Datenschutz-Grundverordnung (DS-GVO) sowie sonstiger datenschutzrechtlicher Vorgaben, die kirchliche Stellen anzuwenden haben, ist:<\/p>\n\n\n\n<p><a href=\"http:\/\/neno-chor.thuefa.de\/impressum\/\">Siehe Impressum <\/a><\/p>\n\n\n\n<p>*Verantwortliche Stelle nennt man die nat\u00fcrliche oder juristische Person, die allein oder gemeinsam mit anderen dar\u00fcber entscheidet, warum, welche personenbezogenen Daten (z.B. Namen, E-Mail-Adressen o. \u00c4.) wie verarbeitet werden.<\/p>\n\n\n\n<h2><strong>Datenschutzaufsichtsbeh\u00f6rde<\/strong><\/h2>\n\n\n\n<p>Die Aufgaben der Datenschutzaufsicht in der Evangelisch-Lutherischen Kirche in Bayern&nbsp;werden durch die Evangelische Kirche in Deutschland mit der Dienststelle \u201eBeauftragter f\u00fcr den Datenschutz der EKD\u201c, wahrgenommen.<br><br>Der Beauftragte f\u00fcr den Datenschutz der Evangelischen Kirche in Deutschland<br>B\u00f6ttcherstra\u00dfe 7<br>30419 Hannover<br>Telefon 05 11 \/ 76 81 28-0<br><a href=\"mailto:info@datenschutz.ekd.de\">info@datenschutz.ekd.de<\/a><br><a href=\"https:\/\/datenschutz.ekd.de\/\" target=\"_blank\" rel=\"noreferrer noopener\">https:\/\/datenschutz.ekd.de<\/a><br><br>Regionalverantwortlicher EKD-Datenschutzbeauftragter f\u00fcr die Datenschutzregion S\u00fcd ist:<br>Dr. Axel Gutenkunst<br>Hafenbad 22, 89073 Ulm<br>Telefon 0731-140593-0<br>E-Mail:&nbsp;<a href=\"mailto:sued@datenschutz.ekd.de\">sued@datenschutz.ekd.de<\/a><\/p>\n\n\n\n<p><strong>Recht auf Widerruf<\/strong><\/p>\n\n\n\n<p>In vielen F\u00e4llen ist eine Verarbeitung Ihrer Daten nur mit Ihrer ausdr\u00fccklichen Einwilligung m\u00f6glich. Sie haben gem\u00e4\u00df \u00a7 11 Abs. 3 DSG-EKD das Recht, Ihre Einwilligung jederzeit zu widerrufen. Die Rechtm\u00e4\u00dfigkeit der bis zum Widerruf erfolgten Datenverarbeitung bleibt vom Widerruf unber\u00fchrt.<\/p>\n\n\n\n<p><strong>Auskunft, Sperrung, L\u00f6schung<br><\/strong><\/p>\n\n\n\n<p>Im Rahmen des geltenden Kirchengesetzes \u00fcber den Datenschutz der Evangelischen Kirche in Deutschland (DSG-EKD) k\u00f6nnen Sie sich bei Fragen zur Erhebung, Verarbeitung oder Nutzung Ihrer personenbezogenen Daten und deren Berichtigung, Sperrung, L\u00f6schung oder einem Widerruf einer erteilten Einwilligung unentgeltlich an uns wenden. Wir sind verpflichtet, Ihrem Recht auf Berichtigung falscher Daten oder L\u00f6schung personenbezogener Daten nachzukommen, insofern diesem Anspruch keine gesetzliche Aufbewahrungspflicht entgegensteht. Zur Aus\u00fcbung Ihrer Rechte und f\u00fcr R\u00fcckfragen nehmen Sie sich bitte \u00fcber die im\u00a0<a href=\"http:\/\/neno-chor.thuefa.de\/impressum\/\">Impressum<\/a>\u00a0hinterlegte Adresse Kontakt mit uns auf.<\/p>\n\n\n\n<p><strong>Recht auf Daten\u00fcbertragbarkeit<\/strong><\/p>\n\n\n\n<p>Dem Gesetz nach sind Sie berechtigt, Daten, die wir mit Ihrer Einwilligung oder in Erf\u00fcllung eines Vertrags automatisiert verarbeiten, an sich oder an einen Dritten in einem \u00fcblichen maschinenlesbaren Format aush\u00e4ndigen zu lassen. Eine direkte \u00dcbertragung der Daten an einen anderen Verantwortlichen kann nur entsprechend einer technischen Umsetzbarkeit erfolgen.<\/p>\n\n\n\n<p><strong>Werbe-Mails<\/strong><\/p>\n\n\n\n<p>Als Anbieter dieser Website widersprechen wir hiermit der Nutzung von im Rahmen der Impressumspflicht ver\u00f6ffentlichten Kontaktdaten zur \u00dcbersendung von nicht ausdr\u00fccklich angeforderter Werbung, z.B. Spam-Mails. Bei Missachtung dieses Widerspruchs behalten wir uns rechtliche Schritte vor.<\/p>\n\n\n\n<h3>3. Datenverarbeitung<\/h3>\n\n\n\n<p><strong>Cookies<\/strong><\/p>\n\n\n\n<p>Um unser Angebot nutzerfreundlicher, effektiver und sicherer zu machen, verwenden wir auf unseren Seiten sogenannte Cookies. Das sind kleine Textdateien, die auf Ihrem Endger\u00e4t gespeichert werden und uns eine Analyse der Nutzung unserer Seiten erm\u00f6glichen. Die durch die Cookies erzeugten Informationen verwenden wir, um unsere Seiten f\u00fcr Sie als Nutzer attraktiver zu gestalten und um bestimmte Funktionen unserer Seiten zu gew\u00e4hrleisten.<\/p>\n\n\n\n<p>Auf dieser Seite verwenden wir ein \u201eSession-Cookie\u201c, das nach einer festgelegten Zeit gel\u00f6scht wird. Ein Session-Cookie enth\u00e4lt lediglich eine zuf\u00e4llige Buchstaben-Zahlenkombination (z.B: \u201eVZRBVwC33hl4B0opOCiGo9Hi7i1Qf4KyCur2DXnp4Zk\u201c), \u00fcber die die Website feststellen kann, welche Seitenaufrufe vom gleichen Nutzer kommen. So gehen beispielsweise Eintr\u00e4ge in Suchformularen nicht verloren. Ein weiteres Cookie, das ca. 1 Jahr g\u00fcltig ist, speichert, ob Sie der Nutzung von Cookies zugestimmt haben (\u201aCookie-Consent\u2019). So m\u00fcssen wir Sie nicht bei jedem Besuch erneut fragen.<\/p>\n\n\n\n<p>Sie haben die M\u00f6glichkeit, Ihren Browser so einzustellen, dass Sie \u00fcber das Setzen von Cookies informiert werden und Cookies nur im Einzelfall erlauben. Oder Sie k\u00f6nnen mit einer entsprechenden Einstellung die Annahme von Cookies f\u00fcr bestimmte F\u00e4lle oder generell ausschlie\u00dfen sowie das automatische L\u00f6schen der Cookies beim Schlie\u00dfen des Browsers aktivieren. Wir weisen jedoch darauf hin, dass bei Deaktivierung von Cookies die Funktionalit\u00e4t dieser Website eingeschr\u00e4nkt sein kann.<\/p>\n\n\n\n<p><strong>Server-Log-Dateien<\/strong><\/p>\n\n\n\n<p>Wenn Sie unsere Website aufrufen, werden von unserem Provider automatisch personenbezogene Daten erhoben und in sogenannten Server-Log-Dateien gespeichert. Hierbei handelt es sich um folgende Informationen:<br><\/p>\n\n\n\n<ul><li>Browsertyp und -version<\/li><li>Betriebssystem<\/li><li>Referrer URL<\/li><li>Hostname des zugreifenden Rechners<\/li><li>Datum und Uhrzeit Ihres Zugriffs<\/li><li>Internet-Protokoll-Adresse (IP-Adresse)<br><\/li><\/ul>\n\n\n\n<p>Die Verarbeitung dieser personenbezogenen Daten erfolgt grunds\u00e4tzlich in anonymisierter Form aus funktions- und sicherheitsrelevanten Gr\u00fcnden sowie zur Optimierung der Website. R\u00fcckschl\u00fcsse auf Ihre Person sind nicht m\u00f6glich. Diese Datenverarbeitung dient der Erf\u00fcllung unserer Aufgaben. Das hei\u00dft, die Verarbeitung stellt ein kirchliches Interesse dar und ist nach \u00a7 6 Ziffer 3 und 4 DSG-EKD zul\u00e4ssig. Wir f\u00fchren diese personenbezogenen Daten nicht mit anderen Datenquellen zusammen. Eine Datenweitergabe an Dritte findet nur statt, soweit dies zum Betrieb unserer Website erforderlich ist. Eine \u00dcbermittlung in ein Drittland oder an eine internationale Organisation ist nicht beabsichtigt.<\/p>\n\n\n\n<p><strong>Datenschutzerkl\u00e4rung f\u00fcr die Nutzung von Google-Maps<\/strong><\/p>\n\n\n\n<p>Um geographische Informationen zu visualisieren, ist auf unserer Seite ist eine Landkarte (Google Maps) der Firma Google Inc.&nbsp;eingebunden. Wenn Sie Google-Maps auf unseren Seiten aufrufen, werden \u2013 mit Ausnahme der IP-Adresse \u2013 keine personenbezogenen Daten \u00fcbermittelt. Google-Maps ist ein Dienst der Google Ireland Limited, Gordon House, Barrow Street, Dublin 4, Irland. Nur anhand der IP-Adresse kann die Firma Google nur mittels eines Gerichtsbeschluss von dem Provider, der Ihnen Ihre IP-Adresse zur Verf\u00fcgung stellt, Auskunft dazu verlangen, welcher Person die IP-Adresse zum Zeitpunkt des Webseiten-Aufrufs zugeordnet war. Voraussetzung ist allerdings, dass f\u00fcr diesen Provider das europ\u00e4ische Datenschutzrecht gilt. Es ist jedoch m\u00f6glich, dass die Firma Google weitere Angaben zu Ihrer Person gespeichert hat, die es ihr erm\u00f6glichen, Sie anhand Ihrer IP-Adresse zu identifizieren. Die Nutzungsbedingungen f\u00fcr Google Maps finden Sie unter&nbsp;<a href=\"https:\/\/www.google.com\/intl\/de_de\/help\/terms_maps.html\" target=\"_blank\" rel=\"noreferrer noopener\">Nutzungsbedingungen f\u00fcr Google Maps<\/a>. Ausf\u00fchrliche Details finden Sie in der&nbsp;<a href=\"https:\/\/policies.google.com\/privacy\" target=\"_blank\" rel=\"noreferrer noopener\">Datenschutzerkl\u00e4rung von Google<\/a>.<\/p>\n\n\n\n<h3>4. Analyse Tools<\/h3>\n\n\n\n<p>Wir setzen keine Analysetools wie z.B. Google Anlaytics auf dieser Seite ein.<\/p>\n\n\n\n<h3>5. Freiwillige Bereitstellung personenbezogener Daten<\/h3>\n\n\n\n<p><strong>Direkte Kontaktm\u00f6glichkeit<\/strong><\/p>\n\n\n\n<p>\u00dcber unsere Website k\u00f6nnen Sie per E-Mail und\/oder \u00fcber ein Kontaktformular direkt in Kontakt mit uns treten. Diese im Zusammenhang mit einer Kontaktaufnahme zur Verf\u00fcgung gestellten personenbezogenen Daten werden ausschlie\u00dflich f\u00fcr die Korrespondenz mit Ihnen genutzt und ohne Ihre Einwilligung nicht an Dritte weitergegeben. Diese Daten verbleiben bei uns, bis Sie uns entweder zur L\u00f6schung auffordern, Ihre Einwilligung zur Speicherung widerrufen oder der Zweck f\u00fcr die Datenspeicherung entf\u00e4llt. \u2013 Etwa wenn Ihre Anfrage gekl\u00e4rt wurde. Abgesehen davon bleiben gesetzliche Bestimmungen \u2013 insbesondere Aufbewahrungsfristen \u2013 unber\u00fchrt. Diese Verarbeitung ist gem\u00e4\u00df \u00a7 6 Ziffer 3 und 4 DSG-EKD rechtm\u00e4\u00dfig, weil die Beantwortung Ihrer Anfrage der Erf\u00fcllung unserer Aufgaben dient und zugleich ein kirchliches Interesse darstellt.<\/p>\n\n\n\n<h3>6. Social Plugins<\/h3>\n\n\n\n<p>Auf unserer Website werden sogenannte &#8220;Social Plugins&#8221; eingesetzt. Derzeit sind dies die Plugins der Dienste Facebook und Twitter. \u00dcber diese Plugins k\u00f6nnen (auch personenbezogene) Daten an die Diensteanbieter gesendet und gegebenenfalls von diesen genutzt werden.<\/p>\n\n\n\n<h3>7. Videoeinbindung<\/h3>\n\n\n\n<p><strong>Videoeinbindung via YouTube<\/strong><\/p>\n\n\n\n<p>Auf unseren Seiten werden Videos eingebunden, die auf der Plattform Youtube gespeichert sind und \u00fcber ein Plugin von unserer Website aus direkt abgespielt werden k\u00f6nnen. Das Plugin ist ein Angebot der Firma YouTube, LLC 901 Cherry Ave., 94066 San Bruno, CA, USA. YouTube ist ein Unternehmen der Google Ireland Limited, Gordon House, Barrow Street, Dublin 4, Irland. Beim Besuch unserer Website wird zwischen Ihrem Browser und den Servern von Youtube\/Google eine direkte Verbindung hergestellt. So erf\u00e4hrt Youtube\/Google, dass \u00fcber Ihre IP-Adresse unsere Website aufgerufen wird. Wenn Sie \u00fcber einen Youtube(-Google)-Account verf\u00fcgen und dort eingeloggt sind, k\u00f6nnen diese Informationen Ihrem Konto zugeordnet werden. Sie k\u00f6nnen diese Daten\u00fcbermittlung an Youtube\/Google nur unterbinden, indem Sie sich vor dem Besuch unserer Website bei Ihrem Account abmelden. Weitere Informationen zum Datenschutz bei YouTube finden Sie unter&nbsp;<a href=\"https:\/\/policies.google.com\/privacy\" target=\"_blank\" rel=\"noreferrer noopener\">diesem Link<\/a>.&nbsp;<br>Die YouTube-Plugins werden auf dieser Website genutzt, um eine Darstellung von Videoinhalten zu erm\u00f6glichen und erfolgt im Rahmen eines kirchlichen Interesses im Sinne von \u00a7 6 Ziffer 4 DSG-EKD.<\/p>\n\n\n\n<p><strong>Videoeinbindung via Vimeo-Plugins<\/strong><\/p>\n\n\n\n<p>Auf unseren Seiten werden Videos eingebunden, die auf der Plattform Vimeo gespeichert sind und \u00fcber ein Plugin von unserer Website aus direkt abgespielt werden k\u00f6nnen. Vimeo ist ein Dienst der Vimeo LLC, 555 West 18th Street, New York, New York 10011, USA. Beim Besuch unserer Website wird zwischen Ihrem Browser und den Servern von Vimeo eine direkte Verbindung hergestellt. So erf\u00e4hrt Vimeo, dass \u00fcber Ihre IP-Adresse unsere Website aufgerufen wird. Wenn Sie \u00fcber einen Vimeo-Account verf\u00fcgen und dort eingeloggt sind, k\u00f6nnen diese Informationen Ihrem Konto bei Vimeo zugeordnet werden. Sie k\u00f6nnen diese Daten\u00fcbermittlung an Vimeo nur unterbinden, indem Sie sich vor dem Besuch unserer Website bei Ihrem Account abmelden. Weitere Informationen zum Datenschutz bei Vimeo finden Sie unter&nbsp;<a href=\"https:\/\/vimeo.com\/privacy\" target=\"_blank\" rel=\"noreferrer noopener\">unter diesem Link<\/a>.&nbsp;<br>Die Vimeo-Plugins werden auf dieser Website genutzt, um eine Darstellung von Videoinhalten zu erm\u00f6glichen und erfolgt im Rahmen eines kirchlichen Interesses im Sinne von \u00a7 6 Ziffer 4 DSG-EKD.<\/p>\n","protected":false},"excerpt":{"rendered":"<p>Datenschutzerkl\u00e4rung 1. Allgemeine Informationen zum Datenschutz Hier informieren wir dar\u00fcber, welche Verarbeitung Ihrer personenbezogenen Daten \u2013 also aller Daten, mit denen Sie pers\u00f6nlich identifiziert werden k\u00f6nnen \u2013 beim Besuch unserer Website erfolgt. In der nachfolgenden Datenschutzerkl\u00e4rung erhalten Sie ausf\u00fchrliche Informationen zum Thema Datenschutz. Wer ist verantwortlich? Verantwortlich f\u00fcr die Datenverarbeitung ist der im\u00a0Impressum mit Kontaktdaten &hellip; <\/p>\n<p class=\"link-more\"><a href=\"https:\/\/neno-chor.thuefa.de\/sw\/datenschutzerklaerung\/\" class=\"more-link\">Continue reading<span class=\"screen-reader-text\"> &#8220;Datenschutzerkl\u00e4rung&#8221;<\/span><\/a><\/p>\n","protected":false},"author":1,"featured_media":0,"parent":0,"menu_order":0,"comment_status":"closed","ping_status":"closed","template":"","meta":[],"translation":{"provider":"WPGlobus","version":"3.0.1","language":"sw","enabled_languages":["de","en","pt","es","fr","sw"],"languages":{"de":{"title":true,"content":true,"excerpt":false},"en":{"title":false,"content":false,"excerpt":false},"pt":{"title":false,"content":false,"excerpt":false},"es":{"title":false,"content":false,"excerpt":false},"fr":{"title":false,"content":false,"excerpt":false},"sw":{"title":false,"content":false,"excerpt":false}}},"_links":{"self":[{"href":"https:\/\/neno-chor.thuefa.de\/sw\/wp-json\/wp\/v2\/pages\/224"}],"collection":[{"href":"https:\/\/neno-chor.thuefa.de\/sw\/wp-json\/wp\/v2\/pages"}],"about":[{"href":"https:\/\/neno-chor.thuefa.de\/sw\/wp-json\/wp\/v2\/types\/page"}],"author":[{"embeddable":true,"href":"https:\/\/neno-chor.thuefa.de\/sw\/wp-json\/wp\/v2\/users\/1"}],"replies":[{"embeddable":true,"href":"https:\/\/neno-chor.thuefa.de\/sw\/wp-json\/wp\/v2\/comments?post=224"}],"version-history":[{"count":1,"href":"https:\/\/neno-chor.thuefa.de\/sw\/wp-json\/wp\/v2\/pages\/224\/revisions"}],"predecessor-version":[{"id":225,"href":"https:\/\/neno-chor.thuefa.de\/sw\/wp-json\/wp\/v2\/pages\/224\/revisions\/225"}],"wp:attachment":[{"href":"https:\/\/neno-chor.thuefa.de\/sw\/wp-json\/wp\/v2\/media?parent=224"}],"curies":[{"name":"wp","href":"https:\/\/api.w.org\/{rel}","templated":true}]}}