{"id":13,"date":"2019-04-04T08:04:02","date_gmt":"2019-04-04T08:04:02","guid":{"rendered":"http:\/\/neno-chor.thuefa.de\/?page_id=13"},"modified":"2019-07-22T09:29:12","modified_gmt":"2019-07-22T09:29:12","slug":"ueber-uns-geschichte","status":"publish","type":"page","link":"https:\/\/neno-chor.thuefa.de\/sw\/ueber-uns-geschichte\/","title":{"rendered":"\u00dcber uns &#8211;  unsere Geschichte"},"content":{"rendered":"\n<h1 id=\"page-title\"><strong>Der Chor, der einen Hauch von Afrika mitbringt<\/strong><\/h1>\n\n\n\n<p>Liedtexte,  die die Herrlichkeit und G\u00fcte Gottes preisen! <br>Melodien, die Gef\u00fchle  ausdr\u00fccken, ansprechen und den Funken \u00fcberspringen lassen! <br>Rhythmen, die  ins Blut \u00fcbergehen und Starre in Bewegung verwandeln. <br>Musik als  Ausdruck eines lebendigen Glaubens, die mitrei\u00dft und zum Mitmachen in  der Gemeinschaft Gottes aufruft.<br>Die Rede ist hier von der  Faszination afrikanischer und internationaler Loblieder, von der sich  S\u00e4ngerinnen und S\u00e4nger (aller  Altersgruppen und Glaubensrichtungen ) in den Bann haben ziehen lassen und ziehen und sich im <strong>NENO-Chor <\/strong>der Kirchgemeinde St. Johannis in R\u00f6dental &#8211; Oeslau zusammenfinden .<\/p>\n\n\n\n<h2>Der Chorname &#8211; <strong>NENO<\/strong><\/h2>\n\n\n\n<p> Der Name des Chores &#8220;NENO&#8221; stammt aus dem Kisuaheli &#8211; der Landessprache von Tansania.  Neno bedeutet &#8220;Wort&#8221; und leitet sich ab  von &#8220;Neno lake mungu&#8221;, das Wort Gottes. <br>Es soll das ausdr\u00fccken, was mir  mit unserem Singen weitertragen m\u00f6chten.<br>Das Wort Gottes <\/p>\n\n\n\n<h3>Die Grundidee &#8211; Die Entstehung<\/h3>\n\n\n\n<p>Dass der NENO-Chor in R\u00f6dental zustande kam, ist der Idee und dem Engagement von Pfarrer Bernd Grosser und Gastpfarrer Green Mwakibete aus Tansania zu verdanken, die im Oktober 1998 zum Mitsingen erstmals aufgerufen und so den NENO-Chor ins Leben gerufen haben. <\/p>\n\n\n\n<ul class=\"wp-block-gallery columns-2 is-cropped\"><li class=\"blocks-gallery-item\"><figure><img loading=\"lazy\" width=\"120\" height=\"149\" src=\"http:\/\/neno-chor.thuefa.de\/wp-content\/uploads\/2019\/07\/Green-1.jpg\" alt=\"\" data-id=\"250\" data-link=\"http:\/\/neno-chor.thuefa.de\/green-2\/\" class=\"wp-image-250\"\/><figcaption>Green Mwakibete bei der Gr\u00fcndung<\/figcaption><\/figure><\/li><li class=\"blocks-gallery-item\"><figure><img loading=\"lazy\" width=\"120\" height=\"149\" src=\"http:\/\/neno-chor.thuefa.de\/wp-content\/uploads\/2019\/07\/BErnd-Grosser-1.jpg\" alt=\"\" data-id=\"266\" data-link=\"http:\/\/neno-chor.thuefa.de\/bernd-grosser\/\" class=\"wp-image-266\"\/><figcaption>Bernd Grosser bei der Gr\u00fcndung<\/figcaption><\/figure><\/li><\/ul>\n\n\n\n<p>Green Mwakibete &#8211; der \u201eBaba\u201c (Vater) des Chores \u2013 wollte, dass mit afrikanischem und internationalem Liedgut ein Beitrag zur V\u00f6lkerverst\u00e4ndigung geleistet wird und vor allem die Verbundenheit und Partnerschaft zu seiner Heimat Tansania aufrechterhalten bleibt.<\/p>\n\n\n\n<p>Auch die Tatsache, dass es in Afrika undenkbar w\u00e4re, einen Gottesdienst ohne einen Chor zu feiern, f\u00fchrte zu dieser Gr\u00fcndung.<\/p>\n\n\n\n<p>Diese Intention f\u00fchrt der NENO-Chor auch nach der Heimkehr der Familie Mwakibete (Juli 2002)  weiter. <br>Es \u00fcbernahm unser Mits\u00e4nger, Dr. J\u00fcrgen Hennicke die Chorleitung. <br>Von Oktober 2009 bis Juli 2010 sorgte dann Mits\u00e4ngerin Edeltraut Freigang sozusagen weiter f\u00fcr den guten Ton im Chor. <br>Ende 2010 f\u00fchrte unser damaliger Diakon Markus Christ die Chorleitung fort. <br>Mit diesen Chorleitern erlernte der Chor viele der  schwungvollen, aber auch ruhigen und besinnlichen Lieder aus Afrika. <br> Ab September 2012 kam Gary O&#8217;Connell als Chorleiter zu uns.<\/p>\n\n\n\n<p>Ein Ire, der einen deutschen Chor leitet, der wiederum afrikanische Kirchenlieder in den Originalsprachen aus Afrika singt, das ist doch i&#8230;..nteressant &#8211; oder?<\/p>\n\n\n\n<h2><strong>Einzugsgebiet<\/strong><\/h2>\n\n\n\n<p>Der<strong> NENO-Chor<\/strong>  ist ein &#8220;multikommunaler&#8221; Chor und lebt die \u00d6kumene. <br>Seine Mitglieder kommen nicht nur aus  unserer Kirchgemeinde R\u00f6dental\/Oeslau, sondern auch dem ganzen Dekanat Coburg, sowie aus den benachbarten Dekanaten um R\u00f6dental herum.<br>Wir sind zwar der Chor der ev. Luth Gemeinde St Johannis R\u00f6dental &#8211; Oeslau, jedoch sind nicht alle Unsere Mitglieder auch Mitglieder der ev. Luth Kirche.<br><br>Ein Jeder ist herzlich willkommen bei uns.<\/p>\n\n\n\n<h2>Bisherige Auftrittsorte<\/h2>\n\n\n\n<p>Wir haben uns mal den Spa\u00df gemacht &#8211; f\u00fcr das 20 J\u00e4hrige Jubil\u00e4um &#8211; zusammen zu tragen, wo wir schon gesungen haben. Die Liste ist erstaunlich&#8230;<\/p>\n\n\n\n<p class=\"has-small-font-size\">Auf Vollst\u00e4ndigkeit w\u00fcrde wir jetzt nicht vertrauen, es gab zu viele L\u00fccken im Archiv, jedoch waren wir hier mindestens 1mal &#8211; wie gesagt &#8211; mindestens<\/p>\n\n\n\n<ul><li> Ahlstadt<\/li><li> Altdorf<\/li><li> Auferstehungskirche N\u00fcrnberg<\/li><li> AWO Altenheim Neustadt<\/li><li> AWO Altenheim R\u00f6dental<\/li><li> Bad Neustdt a. Der Saale<\/li><li> Campingplatz Langlau\/Brombachsee<\/li><li> Christuskirche Kronach<\/li><li> Christuskirche R\u00f6dental<\/li><li> Creidlitz<\/li><li> Dettingen Stuttgard<\/li><li> D\u00f6rfles Essbach<\/li><li> Ebern<\/li><li> Flughafen N\u00fcrnberg<\/li><li> Frankenwaldklinik<\/li><li> Freizeitparl NEC<\/li><li> Frohnlach <\/li><li> Gemeineezentrum H\u00f6rnleinsgrund<\/li><li> Grattstadt<\/li><li> Gro\u00dfgarnstadt<\/li><li> Gro\u00dfheirath<\/li><li> Gro\u00dfwalbur<\/li><li> Haarbr\u00fccken<\/li><li> Hassenberg<\/li><li> Heilig Kreuzkirche Coburg<\/li><li> Heubisch<\/li><li> Johanniskirche Schalkau<\/li><li> Jugendhaus Neukirchen<\/li><li> Katharina von Bora Cob\/Gmd<\/li><li> Klosterkirche Sonnefeld<\/li><li> Kreisgemeindeheim Weinberg<\/li><li> Kulturhalle Frohnlach<\/li><li> Leinburg bei N\u00fcrnberg<\/li><li> Mantel in der Oberpfalz<\/li><li> Meeder<\/li><li> Meinheim \/ Mainfranken<\/li><li> Mitwitz<\/li><li> Neuensorg<\/li><li> Neuhausen<\/li><li> Neuhausen bei Stuttgart<\/li><li> Pfadfinderheim Sauloch Coburg<\/li><li>Schlo\u00dfkirche Niederf\u00fcllbach<\/li><li> Schonungen<\/li><li> Seidmannsdorf<\/li><li> Seidmansdorf<\/li><li> St. Johannis R\u00f6dental<\/li><li> St. Hedwig R\u00f6dental<\/li><li> St. Moriz Coburg<\/li><li> St. Georg Neustadt<\/li><li> St. Matthaeus Neuses<\/li><li> Stadtjugenheim Coburg<\/li><li> Stadtlauringen<\/li><li> St\u00f6wer Casino R\u00f6dental<\/li><li> Unterlauter<\/li><li> Weidach<\/li><li> Wei\u00dfenbrunn vorm Wald<\/li><li> Wildenheid<\/li><li> Winterhausen <\/li><\/ul>\n\n\n\n<p><\/p>\n","protected":false},"excerpt":{"rendered":"<p>Der Chor, der einen Hauch von Afrika mitbringt Liedtexte, die die Herrlichkeit und G\u00fcte Gottes preisen! Melodien, die Gef\u00fchle ausdr\u00fccken, ansprechen und den Funken \u00fcberspringen lassen! Rhythmen, die ins Blut \u00fcbergehen und Starre in Bewegung verwandeln. Musik als Ausdruck eines lebendigen Glaubens, die mitrei\u00dft und zum Mitmachen in der Gemeinschaft Gottes aufruft.Die Rede ist hier &hellip; <\/p>\n<p class=\"link-more\"><a href=\"https:\/\/neno-chor.thuefa.de\/sw\/ueber-uns-geschichte\/\" class=\"more-link\">Continue reading<span class=\"screen-reader-text\"> &#8220;\u00dcber uns &#8211;  unsere Geschichte&#8221;<\/span><\/a><\/p>\n","protected":false},"author":1,"featured_media":0,"parent":0,"menu_order":0,"comment_status":"closed","ping_status":"closed","template":"","meta":[],"translation":{"provider":"WPGlobus","version":"3.0.1","language":"sw","enabled_languages":["de","en","pt","es","fr","sw"],"languages":{"de":{"title":true,"content":true,"excerpt":false},"en":{"title":true,"content":true,"excerpt":false},"pt":{"title":false,"content":false,"excerpt":false},"es":{"title":false,"content":false,"excerpt":false},"fr":{"title":false,"content":false,"excerpt":false},"sw":{"title":false,"content":false,"excerpt":false}}},"_links":{"self":[{"href":"https:\/\/neno-chor.thuefa.de\/sw\/wp-json\/wp\/v2\/pages\/13"}],"collection":[{"href":"https:\/\/neno-chor.thuefa.de\/sw\/wp-json\/wp\/v2\/pages"}],"about":[{"href":"https:\/\/neno-chor.thuefa.de\/sw\/wp-json\/wp\/v2\/types\/page"}],"author":[{"embeddable":true,"href":"https:\/\/neno-chor.thuefa.de\/sw\/wp-json\/wp\/v2\/users\/1"}],"replies":[{"embeddable":true,"href":"https:\/\/neno-chor.thuefa.de\/sw\/wp-json\/wp\/v2\/comments?post=13"}],"version-history":[{"count":11,"href":"https:\/\/neno-chor.thuefa.de\/sw\/wp-json\/wp\/v2\/pages\/13\/revisions"}],"predecessor-version":[{"id":301,"href":"https:\/\/neno-chor.thuefa.de\/sw\/wp-json\/wp\/v2\/pages\/13\/revisions\/301"}],"wp:attachment":[{"href":"https:\/\/neno-chor.thuefa.de\/sw\/wp-json\/wp\/v2\/media?parent=13"}],"curies":[{"name":"wp","href":"https:\/\/api.w.org\/{rel}","templated":true}]}}