{"id":126,"date":"2019-04-05T10:50:40","date_gmt":"2019-04-05T10:50:40","guid":{"rendered":"http:\/\/neno-chor.thuefa.de\/?page_id=126"},"modified":"2019-04-08T08:37:30","modified_gmt":"2019-04-08T08:37:30","slug":"herzlich-willkommen-beim-neno-chor-wir-ueber-uns","status":"publish","type":"page","link":"https:\/\/neno-chor.thuefa.de\/sw\/herzlich-willkommen-beim-neno-chor-wir-ueber-uns\/","title":{"rendered":"Herzlich willkommen beim NENO-Chor &#8211; Wir \u00fcber uns"},"content":{"rendered":"\n<p><strong>Herzlich willkommen beim NENO-Chor, dem Chor, der einen Hauch von Afrika mitbringt:<br><br>* Afrikanische Loblieder &#8211; als musikalische Verk\u00fcndigung der\u00a0\u00a0 Botschaft Gottes.<br>\u00a0\u00a0 &#8211; <\/strong>unterst\u00fctzt von Trommeln und Percussions<br>\u00a0\u00a0 &#8211; mitrei\u00dfend, aber auch besinnlich<br><strong>* tolle &#8220;Truppe&#8221;,<\/strong> die gerne singt, die zusammenh\u00e4lt, eine gute Gemeinschaft pflegt und auch gut feiern und fr\u00f6hlich sein kann<br><strong>* Begeisterung f\u00fcr Afrika und die Menschen dort: <\/strong>Singen f\u00fcr die Partnerschaft mit Afrika zur Unterst\u00fctzung von Projekten.<br>Siehe auch hier:  unsere Projektseite<br><strong>* multikommunal:<\/strong> die S\u00e4ngerinnen und S\u00e4nger kommen nicht nur aus R\u00f6dental sondern aus dem ganzen Landkreis.<br><br><strong>Dies und noch viel mehr, das ist der NENO-Chor schon seit 20 Jahren. <\/strong><br>Wir freuen uns, ggf. f\u00fcr Sie zu singen. Wir freuen uns auch \u00fcber jeden, der gerne bei uns mitmachen und mitsingen m\u00f6chte.<\/p>\n\n\n\n<p>Siehe auch: <a href=\"http:\/\/neno-chor.thuefa.de\/ueber-uns-geschichte\/\">Unsere Geschichte im detail <\/a>; <a href=\"http:\/\/neno-chor.thuefa.de\/unsere-partnerschaft-in-afrika\/\">Unsere Projekte<\/a><\/p>\n","protected":false},"excerpt":{"rendered":"<p>Herzlich willkommen beim NENO-Chor, dem Chor, der einen Hauch von Afrika mitbringt: * Afrikanische Loblieder &#8211; als musikalische Verk\u00fcndigung der\u00a0\u00a0 Botschaft Gottes.\u00a0\u00a0 &#8211; unterst\u00fctzt von Trommeln und Percussions\u00a0\u00a0 &#8211; mitrei\u00dfend, aber auch besinnlich* tolle &#8220;Truppe&#8221;, die gerne singt, die zusammenh\u00e4lt, eine gute Gemeinschaft pflegt und auch gut feiern und fr\u00f6hlich sein kann* Begeisterung f\u00fcr Afrika &hellip; <\/p>\n<p class=\"link-more\"><a href=\"https:\/\/neno-chor.thuefa.de\/sw\/herzlich-willkommen-beim-neno-chor-wir-ueber-uns\/\" class=\"more-link\">Continue reading<span class=\"screen-reader-text\"> &#8220;Herzlich willkommen beim NENO-Chor &#8211; Wir \u00fcber uns&#8221;<\/span><\/a><\/p>\n","protected":false},"author":1,"featured_media":0,"parent":0,"menu_order":0,"comment_status":"closed","ping_status":"closed","template":"","meta":[],"translation":{"provider":"WPGlobus","version":"3.0.1","language":"sw","enabled_languages":["de","en","pt","es","fr","sw"],"languages":{"de":{"title":true,"content":true,"excerpt":false},"en":{"title":true,"content":true,"excerpt":false},"pt":{"title":false,"content":false,"excerpt":false},"es":{"title":false,"content":false,"excerpt":false},"fr":{"title":false,"content":false,"excerpt":false},"sw":{"title":false,"content":false,"excerpt":false}}},"_links":{"self":[{"href":"https:\/\/neno-chor.thuefa.de\/sw\/wp-json\/wp\/v2\/pages\/126"}],"collection":[{"href":"https:\/\/neno-chor.thuefa.de\/sw\/wp-json\/wp\/v2\/pages"}],"about":[{"href":"https:\/\/neno-chor.thuefa.de\/sw\/wp-json\/wp\/v2\/types\/page"}],"author":[{"embeddable":true,"href":"https:\/\/neno-chor.thuefa.de\/sw\/wp-json\/wp\/v2\/users\/1"}],"replies":[{"embeddable":true,"href":"https:\/\/neno-chor.thuefa.de\/sw\/wp-json\/wp\/v2\/comments?post=126"}],"version-history":[{"count":8,"href":"https:\/\/neno-chor.thuefa.de\/sw\/wp-json\/wp\/v2\/pages\/126\/revisions"}],"predecessor-version":[{"id":219,"href":"https:\/\/neno-chor.thuefa.de\/sw\/wp-json\/wp\/v2\/pages\/126\/revisions\/219"}],"wp:attachment":[{"href":"https:\/\/neno-chor.thuefa.de\/sw\/wp-json\/wp\/v2\/media?parent=126"}],"curies":[{"name":"wp","href":"https:\/\/api.w.org\/{rel}","templated":true}]}}