{"id":132,"date":"2019-04-05T11:01:14","date_gmt":"2019-04-05T11:01:14","guid":{"rendered":"http:\/\/neno-chor.thuefa.de\/?page_id=132"},"modified":"2019-04-05T11:01:14","modified_gmt":"2019-04-05T11:01:14","slug":"alte-projekte-vor-2018","status":"publish","type":"page","link":"https:\/\/neno-chor.thuefa.de\/fr\/alte-projekte-vor-2018\/","title":{"rendered":"Alte Projekte vor 2018"},"content":{"rendered":"\n<h2> Alte Projekte aus der alten Homepage <\/h2>\n\n\n\n<p>Bisher konnten folgende Projekte unterst\u00fctzt werden:<br>Projekt <strong>&#8220;Jugendch\u00f6re&#8221;<\/strong> f\u00fcr die Anschaffung von Musikinstrumenten.<br>Projekt<strong> &#8220;Unterst\u00fctzung von Aids-Waisen und Schulkindern&#8221;<\/strong>  <br>Dazu kommt das<strong> &#8220;Kuhprojekt&#8221;.<\/strong>  Hier sammelt der Neno-Chor in seiner &#8220;Kuh-Sparb\u00fcchse&#8221; Kleingeld, das  den Geldbeutel zu stark ausbeult. Bisher konnte das Geld f\u00fcr 2 K\u00fche  &#8220;ersammelt&#8221; werden.<\/p>\n\n\n\n<ul class=\"wp-block-gallery aligncenter columns-2 is-cropped\"><li class=\"blocks-gallery-item\"><figure><a href=\"http:\/\/neno-chor.thuefa.de\/?attachment_id=35\"><img src=\"http:\/\/neno-chor.thuefa.de\/wp-content\/uploads\/2019\/04\/Besuch-2004-Tansania1-1024x719.jpg\" alt=\"\" data-id=\"35\" data-link=\"http:\/\/neno-chor.thuefa.de\/?attachment_id=35\" class=\"wp-image-35\"\/><\/a><\/figure><\/li><li class=\"blocks-gallery-item\"><figure><a href=\"http:\/\/neno-chor.thuefa.de\/?attachment_id=36\"><img src=\"http:\/\/neno-chor.thuefa.de\/wp-content\/uploads\/2019\/04\/Besuch-2004-Tansania2-1024x797.jpg\" alt=\"\" data-id=\"36\" data-link=\"http:\/\/neno-chor.thuefa.de\/?attachment_id=36\" class=\"wp-image-36\"\/><\/a><\/figure><\/li><\/ul>\n\n\n<p><!--EndFragment--><br \/><br \/><\/p>\n\n\n<p>\nDie beiden Fotos entstanden im August 2004 anl\u00e4sslich des Besuchs \neiner&nbsp;Delegation aus dem Dekanat Coburg in Tansania&nbsp;im Rahmen der \nPartnerschaft mit der evangelisch-lutherischen Kirchengemeinde \nLupatingatinga\n\n<\/p>\n","protected":false},"excerpt":{"rendered":"<p>Alte Projekte aus der alten Homepage Bisher konnten folgende Projekte unterst\u00fctzt werden:Projekt &#8220;Jugendch\u00f6re&#8221; f\u00fcr die Anschaffung von Musikinstrumenten.Projekt &#8220;Unterst\u00fctzung von Aids-Waisen und Schulkindern&#8221; Dazu kommt das &#8220;Kuhprojekt&#8221;. Hier sammelt der Neno-Chor in seiner &#8220;Kuh-Sparb\u00fcchse&#8221; Kleingeld, das den Geldbeutel zu stark ausbeult. Bisher konnte das Geld f\u00fcr 2 K\u00fche &#8220;ersammelt&#8221; werden. Die beiden Fotos entstanden im &hellip; <\/p>\n<p class=\"link-more\"><a href=\"https:\/\/neno-chor.thuefa.de\/fr\/alte-projekte-vor-2018\/\" class=\"more-link\">Continuer la lecture<span class=\"screen-reader-text\"> de &laquo;&nbsp;Alte Projekte vor 2018&nbsp;&raquo;<\/span><\/a><\/p>\n","protected":false},"author":1,"featured_media":0,"parent":0,"menu_order":0,"comment_status":"closed","ping_status":"closed","template":"","meta":[],"translation":{"provider":"WPGlobus","version":"3.0.1","language":"fr","enabled_languages":["de","en","pt","es","fr","sw"],"languages":{"de":{"title":true,"content":true,"excerpt":false},"en":{"title":false,"content":false,"excerpt":false},"pt":{"title":false,"content":false,"excerpt":false},"es":{"title":false,"content":false,"excerpt":false},"fr":{"title":false,"content":false,"excerpt":false},"sw":{"title":false,"content":false,"excerpt":false}}},"_links":{"self":[{"href":"https:\/\/neno-chor.thuefa.de\/fr\/wp-json\/wp\/v2\/pages\/132"}],"collection":[{"href":"https:\/\/neno-chor.thuefa.de\/fr\/wp-json\/wp\/v2\/pages"}],"about":[{"href":"https:\/\/neno-chor.thuefa.de\/fr\/wp-json\/wp\/v2\/types\/page"}],"author":[{"embeddable":true,"href":"https:\/\/neno-chor.thuefa.de\/fr\/wp-json\/wp\/v2\/users\/1"}],"replies":[{"embeddable":true,"href":"https:\/\/neno-chor.thuefa.de\/fr\/wp-json\/wp\/v2\/comments?post=132"}],"version-history":[{"count":2,"href":"https:\/\/neno-chor.thuefa.de\/fr\/wp-json\/wp\/v2\/pages\/132\/revisions"}],"predecessor-version":[{"id":134,"href":"https:\/\/neno-chor.thuefa.de\/fr\/wp-json\/wp\/v2\/pages\/132\/revisions\/134"}],"wp:attachment":[{"href":"https:\/\/neno-chor.thuefa.de\/fr\/wp-json\/wp\/v2\/media?parent=132"}],"curies":[{"name":"wp","href":"https:\/\/api.w.org\/{rel}","templated":true}]}}