{"id":8,"date":"2019-04-04T08:04:02","date_gmt":"2019-04-04T08:04:02","guid":{"rendered":"http:\/\/neno-chor.thuefa.de\/?page_id=8"},"modified":"2022-05-24T06:49:08","modified_gmt":"2022-05-24T06:49:08","slug":"kontakt","status":"publish","type":"page","link":"https:\/\/neno-chor.thuefa.de\/en\/kontakt\/","title":{"rendered":"Kontakt"},"content":{"rendered":"<\/p>\n\n\n<p><strong>Sehr geehrte Interessentin, sehr geehrte Interessenten!  <br \/><\/strong>Vielen Dank f\u00fcr Ihr Interesse am NENO-Chor. <br \/>Gerne stellen wir Ihnen mit unserem Gesang einen besonderen Service zur Verf\u00fcgung. <br \/>Der  NENO-Chor tritt viel h\u00e4ufiger auf, als die meisten anderen Kirchench\u00f6re. Wir singen oft zu Gottesdiensten oder geben einfach ein Konzert. <strong><br \/><\/strong><\/p>\n\n\n\n<p>Aber wir haben uns ein Limit gesetzt: eine Auftritt in jedem Monat sollte ausreichen, bei besonderen Anl\u00e4ssen, buchen wir auch f\u00fcr weitere Auftritte im Monat. <br \/><br \/> Bitte fragen Sie uns einfach. <\/p>\n\n\n\n<p>Wir sprechen folgende Sprachen im Chor:<br \/>viele: Deutsch &amp; Englisch, <br \/>einige: spanisch, franz\u00f6isch, protugisisch, kisuaheli <br \/>Ich denke wir werden iregndwie in Kontakt treten k\u00f6nnen.<\/p>\n\n\n\n<h2><strong> Kontaktm\u00f6glichkeiten: <\/strong><\/h2>\n\n\n\n<h4>Chorleitung<\/h4>\n\n\n\n<p> Mail: <a href=\"Mailto: neno-chor@gmx.de\"> <\/a>gary.oconnell@elkb.de <\/p>\n\n\n\n<p>Telefonnummer: 0172 289 3588  <\/p>\n","protected":false},"excerpt":{"rendered":"<p>Sehr geehrte Interessentin, sehr geehrte Interessenten! Vielen Dank f\u00fcr Ihr Interesse am NENO-Chor. Gerne stellen wir Ihnen mit unserem Gesang einen besonderen Service zur Verf\u00fcgung. Der NENO-Chor tritt viel h\u00e4ufiger auf, als die meisten anderen Kirchench\u00f6re. Wir singen oft zu Gottesdiensten oder geben einfach ein Konzert. Aber wir haben uns ein Limit gesetzt: eine Auftritt &hellip; <\/p>\n<p class=\"link-more\"><a href=\"https:\/\/neno-chor.thuefa.de\/en\/kontakt\/\" class=\"more-link\">Continue reading<span class=\"screen-reader-text\"> &#8220;Kontakt&#8221;<\/span><\/a><\/p>\n","protected":false},"author":1,"featured_media":0,"parent":0,"menu_order":0,"comment_status":"closed","ping_status":"closed","template":"","meta":[],"translation":{"provider":"WPGlobus","version":"3.0.1","language":"en","enabled_languages":["de","en","pt","es","fr","sw"],"languages":{"de":{"title":true,"content":true,"excerpt":false},"en":{"title":false,"content":false,"excerpt":false},"pt":{"title":false,"content":false,"excerpt":false},"es":{"title":false,"content":false,"excerpt":false},"fr":{"title":false,"content":false,"excerpt":false},"sw":{"title":false,"content":false,"excerpt":false}}},"_links":{"self":[{"href":"https:\/\/neno-chor.thuefa.de\/en\/wp-json\/wp\/v2\/pages\/8"}],"collection":[{"href":"https:\/\/neno-chor.thuefa.de\/en\/wp-json\/wp\/v2\/pages"}],"about":[{"href":"https:\/\/neno-chor.thuefa.de\/en\/wp-json\/wp\/v2\/types\/page"}],"author":[{"embeddable":true,"href":"https:\/\/neno-chor.thuefa.de\/en\/wp-json\/wp\/v2\/users\/1"}],"replies":[{"embeddable":true,"href":"https:\/\/neno-chor.thuefa.de\/en\/wp-json\/wp\/v2\/comments?post=8"}],"version-history":[{"count":11,"href":"https:\/\/neno-chor.thuefa.de\/en\/wp-json\/wp\/v2\/pages\/8\/revisions"}],"predecessor-version":[{"id":379,"href":"https:\/\/neno-chor.thuefa.de\/en\/wp-json\/wp\/v2\/pages\/8\/revisions\/379"}],"wp:attachment":[{"href":"https:\/\/neno-chor.thuefa.de\/en\/wp-json\/wp\/v2\/media?parent=8"}],"curies":[{"name":"wp","href":"https:\/\/api.w.org\/{rel}","templated":true}]}}