{"id":11,"date":"2019-04-04T08:04:02","date_gmt":"2019-04-04T08:04:02","guid":{"rendered":"http:\/\/neno-chor.thuefa.de\/?page_id=11"},"modified":"2019-07-22T09:26:19","modified_gmt":"2019-07-22T09:26:19","slug":"unsere-partnerschaft-in-afrika","status":"publish","type":"page","link":"https:\/\/neno-chor.thuefa.de\/en\/unsere-partnerschaft-in-afrika\/","title":{"rendered":"unsere Partnerschaft in Afrika"},"content":{"rendered":"\n<h1 id=\"page-title\">Christliche Partnerschaft in Afrika mit Tansania<\/h1>\n\n\n\n<div class=\"wp-block-image\"><figure class=\"aligncenter is-resized\"><img loading=\"lazy\" src=\"http:\/\/www.stjohannis-roedental.de\/sites\/www.stjohannis-roedental.de\/files\/IMGP5964.jpg\" alt=\"\" width=\"357\" height=\"239\"\/><figcaption>Sinnbild f\u00fcr Afrika &#8211; Die Giraffe und unser Tier des Chores<\/figcaption><\/figure><\/div>\n\n\n\n<p>Neben  weiteren Projekten in Afrika unterst\u00fctzt der NENO-Chor&nbsp;mit seinem  Singen auch die Partnerschaft unserer&nbsp;eigenen und der  Nachbarkirchengemeinde D\u00f6rfles-Esbach&nbsp;zur evangelisch-lutherischen  Kirchengemeinde Lupatingatinga in Tansania. <br>Im Rahmen dieser  Partnerschaft wirkte von 1998-2002 der tansanische Pfarrer Green  Mwakibete in unserer Kirchengemeinde. <br>Er ist der Gr\u00fcnder&nbsp;des  NENO-Chores. &#8211; Siehe dazu unsere Geschichte<\/p>\n\n\n\n<h1>Projekte die Wir unterst\u00fctz haben <\/h1>\n\n\n\n<p><\/p>\n\n\n\n<h2><strong>Zusammenfassung 2018<\/strong><br>Im Rahmen des 20 Jahre Konzertes<\/h2>\n\n\n\n<p>Im Rahmen unseres Projektes &#8220;20-Jahre NENO-Chor&#8221; konnten wir eine sch\u00f6ne gr\u00f6\u00dfere Summe f\u00fcr  Frauenarbeit in der Partnerschaftsgemeinde \u00a0Chimala \/ Tansania  \u00fcberwiesen. Siehe dazu das Projekt.<br> <br>Wir konnten \u2013 dank diesen Spenden \u2013 909,46\u20ac f\u00fcr die Frauenarbeit \u00fcberweisen.<br> Wir und die Frauen in Tansania sagen allen Spendern hier jetzt nochmals ein herzliches Dankesch\u00f6n.<\/p>\n\n\n\n<figure class=\"wp-block-image\"><img loading=\"lazy\" width=\"1024\" height=\"597\" src=\"http:\/\/neno-chor.thuefa.de\/wp-content\/uploads\/2019\/07\/20-Jahre-Konzert-Spenchencheck-1024x597.jpg\" alt=\"\" class=\"wp-image-296\" srcset=\"https:\/\/neno-chor.thuefa.de\/wp-content\/uploads\/2019\/07\/20-Jahre-Konzert-Spenchencheck-1024x597.jpg 1024w, https:\/\/neno-chor.thuefa.de\/wp-content\/uploads\/2019\/07\/20-Jahre-Konzert-Spenchencheck-300x175.jpg 300w, https:\/\/neno-chor.thuefa.de\/wp-content\/uploads\/2019\/07\/20-Jahre-Konzert-Spenchencheck-768x448.jpg 768w\" sizes=\"(max-width: 767px) 89vw, (max-width: 1000px) 54vw, (max-width: 1071px) 543px, 580px\" \/><\/figure>\n\n\n\n<h2><a href=\"http:\/\/neno-chor.thuefa.de\/alte-projekte-vor-2018\/\"> Alte Projekte aus der Alten Homepage <\/a><\/h2>\n\n\n\n<h2><a href=\"http:\/\/neno-chor.thuefa.de\/unsere-vergangen-auftritte\/\"><strong>Unsere Auftritte im \u00dcberblick<\/strong><\/a><\/h2>\n\n\n\n<p><\/p>\n","protected":false},"excerpt":{"rendered":"<p>Christliche Partnerschaft in Afrika mit Tansania Neben weiteren Projekten in Afrika unterst\u00fctzt der NENO-Chor&nbsp;mit seinem Singen auch die Partnerschaft unserer&nbsp;eigenen und der Nachbarkirchengemeinde D\u00f6rfles-Esbach&nbsp;zur evangelisch-lutherischen Kirchengemeinde Lupatingatinga in Tansania. Im Rahmen dieser Partnerschaft wirkte von 1998-2002 der tansanische Pfarrer Green Mwakibete in unserer Kirchengemeinde. Er ist der Gr\u00fcnder&nbsp;des NENO-Chores. &#8211; Siehe dazu unsere Geschichte Projekte &hellip; <\/p>\n<p class=\"link-more\"><a href=\"https:\/\/neno-chor.thuefa.de\/en\/unsere-partnerschaft-in-afrika\/\" class=\"more-link\">Continue reading<span class=\"screen-reader-text\"> &#8220;unsere Partnerschaft in Afrika&#8221;<\/span><\/a><\/p>\n","protected":false},"author":1,"featured_media":0,"parent":0,"menu_order":0,"comment_status":"closed","ping_status":"closed","template":"","meta":[],"translation":{"provider":"WPGlobus","version":"3.0.1","language":"en","enabled_languages":["de","en","pt","es","fr","sw"],"languages":{"de":{"title":true,"content":true,"excerpt":false},"en":{"title":false,"content":false,"excerpt":false},"pt":{"title":false,"content":false,"excerpt":false},"es":{"title":false,"content":false,"excerpt":false},"fr":{"title":false,"content":false,"excerpt":false},"sw":{"title":false,"content":false,"excerpt":false}}},"_links":{"self":[{"href":"https:\/\/neno-chor.thuefa.de\/en\/wp-json\/wp\/v2\/pages\/11"}],"collection":[{"href":"https:\/\/neno-chor.thuefa.de\/en\/wp-json\/wp\/v2\/pages"}],"about":[{"href":"https:\/\/neno-chor.thuefa.de\/en\/wp-json\/wp\/v2\/types\/page"}],"author":[{"embeddable":true,"href":"https:\/\/neno-chor.thuefa.de\/en\/wp-json\/wp\/v2\/users\/1"}],"replies":[{"embeddable":true,"href":"https:\/\/neno-chor.thuefa.de\/en\/wp-json\/wp\/v2\/comments?post=11"}],"version-history":[{"count":10,"href":"https:\/\/neno-chor.thuefa.de\/en\/wp-json\/wp\/v2\/pages\/11\/revisions"}],"predecessor-version":[{"id":297,"href":"https:\/\/neno-chor.thuefa.de\/en\/wp-json\/wp\/v2\/pages\/11\/revisions\/297"}],"wp:attachment":[{"href":"https:\/\/neno-chor.thuefa.de\/en\/wp-json\/wp\/v2\/media?parent=11"}],"curies":[{"name":"wp","href":"https:\/\/api.w.org\/{rel}","templated":true}]}}